{"id":54,"date":"2025-11-06T13:12:59","date_gmt":"2025-11-06T13:12:59","guid":{"rendered":"https:\/\/maderaviva.cl\/?page_id=54"},"modified":"2025-11-07T13:27:56","modified_gmt":"2025-11-07T13:27:56","slug":"nosotros","status":"publish","type":"page","link":"https:\/\/maderaviva.cl\/index.php\/nosotros\/","title":{"rendered":"Nosotros"},"content":{"rendered":"\t\t<div data-elementor-type=\"wp-page\" data-elementor-id=\"54\" class=\"elementor elementor-54\" data-elementor-post-type=\"page\">\n\t\t\t\t<div class=\"elementor-element elementor-element-5180f8c e-con-full e-flex e-con e-parent\" data-id=\"5180f8c\" data-element_type=\"container\" data-e-type=\"container\" data-settings=\"{&quot;background_background&quot;:&quot;classic&quot;}\">\n\t\t<div class=\"elementor-element elementor-element-d27915f e-con-full e-flex e-con e-child\" data-id=\"d27915f\" data-element_type=\"container\" data-e-type=\"container\">\n\t\t\t\t<div class=\"elementor-element elementor-element-6b1b266 elementor-widget elementor-widget-image\" data-id=\"6b1b266\" data-element_type=\"widget\" data-e-type=\"widget\" data-widget_type=\"image.default\">\n\t\t\t\t\t\t\t\t\t\t\t\t\t\t\t<img fetchpriority=\"high\" decoding=\"async\" width=\"821\" height=\"825\" src=\"https:\/\/maderaviva.cl\/wp-content\/uploads\/2025\/11\/Medera-Viva-4.png\" class=\"attachment-full size-full wp-image-59\" alt=\"\" srcset=\"https:\/\/maderaviva.cl\/wp-content\/uploads\/2025\/11\/Medera-Viva-4.png 821w, https:\/\/maderaviva.cl\/wp-content\/uploads\/2025\/11\/Medera-Viva-4-300x300.png 300w, https:\/\/maderaviva.cl\/wp-content\/uploads\/2025\/11\/Medera-Viva-4-150x150.png 150w, https:\/\/maderaviva.cl\/wp-content\/uploads\/2025\/11\/Medera-Viva-4-768x772.png 768w\" sizes=\"(max-width: 821px) 100vw, 821px\" \/>\t\t\t\t\t\t\t\t\t\t\t\t\t\t\t<\/div>\n\t\t\t\t<\/div>\n\t\t<div class=\"elementor-element elementor-element-2b9f426 e-con-full e-flex e-con e-child\" data-id=\"2b9f426\" data-element_type=\"container\" data-e-type=\"container\">\n\t\t\t\t<div class=\"elementor-element elementor-element-a124d9b elementor-widget elementor-widget-heading\" data-id=\"a124d9b\" data-element_type=\"widget\" data-e-type=\"widget\" data-widget_type=\"heading.default\">\n\t\t\t\t\t<h1 class=\"elementor-heading-title elementor-size-default\">NUESTRA VISI\u00d3N<\/h1>\t\t\t\t<\/div>\n\t\t\t\t<div class=\"elementor-element elementor-element-3a5bce0 elementor-widget elementor-widget-heading\" data-id=\"3a5bce0\" data-element_type=\"widget\" data-e-type=\"widget\" data-widget_type=\"heading.default\">\n\t\t\t\t\t<h2 class=\"elementor-heading-title elementor-size-default\">Lo que nos impulsa cada d\u00eda<\/h2>\t\t\t\t<\/div>\n\t\t\t\t<div class=\"elementor-element elementor-element-def8bd8 elementor-widget elementor-widget-text-editor\" data-id=\"def8bd8\" data-element_type=\"widget\" data-e-type=\"widget\" data-widget_type=\"text-editor.default\">\n\t\t\t\t\t\t\t\t\t<p>En Madera Viva transformamos terrenos en proyectos rentables con identidad, funcionalidad y respeto por el entorno. Combinamos la experiencia de una gran inmobiliaria con la flexibilidad de una boutique, gestionando cada etapa \u2014desde la inversi\u00f3n hasta la entrega al propietario\u2014 con un equipo experto y comprometido, que tiene profundo conocimiento en la creaci\u00f3n y venta de negocios, el desarrollo inmobiliario y la construcci\u00f3n. As\u00ed garantizamos proyectos estrat\u00e9gicos, eficientes y seguros.<\/p><p>Con Madera Viva corres menos riesgos: cada proyecto est\u00e1 respaldado por experiencia, estrategia y conocimiento desde el comienzo.<\/p>\t\t\t\t\t\t\t\t<\/div>\n\t\t\t\t<\/div>\n\t\t\t\t<\/div>\n\t\t<div class=\"elementor-element elementor-element-e911c4c e-flex e-con-boxed e-con e-parent\" data-id=\"e911c4c\" data-element_type=\"container\" data-e-type=\"container\">\n\t\t\t\t\t<div class=\"e-con-inner\">\n\t\t<div class=\"elementor-element elementor-element-d12928f e-con-full e-flex e-con e-child\" data-id=\"d12928f\" data-element_type=\"container\" data-e-type=\"container\">\n\t\t\t\t<div class=\"elementor-element elementor-element-63b6abd elementor-widget elementor-widget-heading\" data-id=\"63b6abd\" data-element_type=\"widget\" data-e-type=\"widget\" data-widget_type=\"heading.default\">\n\t\t\t\t\t<h3 class=\"elementor-heading-title elementor-size-default\">NUESTRO EQUIPO<\/h3>\t\t\t\t<\/div>\n\t\t\t\t<div class=\"elementor-element elementor-element-c33f3cd elementor-widget elementor-widget-heading\" data-id=\"c33f3cd\" data-element_type=\"widget\" data-e-type=\"widget\" data-widget_type=\"heading.default\">\n\t\t\t\t\t<h2 class=\"elementor-heading-title elementor-size-default\">Profesionales que<br>\nconstruyen confianza<\/h2>\t\t\t\t<\/div>\n\t\t\t\t<\/div>\n\t\t<div class=\"elementor-element elementor-element-fb2a678 e-con-full e-flex e-con e-child\" data-id=\"fb2a678\" data-element_type=\"container\" data-e-type=\"container\">\n\t\t\t\t<div class=\"elementor-element elementor-element-7bcbc03 elementor-widget elementor-widget-text-editor\" data-id=\"7bcbc03\" data-element_type=\"widget\" data-e-type=\"widget\" data-widget_type=\"text-editor.default\">\n\t\t\t\t\t\t\t\t\t<p>Madera Viva es un equipo que conoce profundamente las 3 actividades claves del negocio inmobiliario, la arquitectura, la estructuraci\u00f3n y la construcci\u00f3n. Nuestro enfoque 360\u00b0 combina observaci\u00f3n y descubrimiento de oportunidades, dise\u00f1o del negocio, permiti\u00e9ndonos acompa\u00f1ar cada proyecto de desde el origen. Trabajamos bajo un modelo de co-inversi\u00f3n, arriesgando junto a nuestros clientes como socios estrat\u00e9gicos y comprometidos para generar, compromiso plusval\u00eda real y segura, optimizar oportunidades y reducir riesgos. Cada miembro aporta su expertise para que nuestros proyectos no solo sean funcionales, sino que tambi\u00e9n dejen una huella positiva en las personas y en los lugares donde se desarrollan. Nos interesa ser rentables, pero tambi\u00e9n disfrutar el proceso de creaci\u00f3n de valor\u00bb<\/p>\t\t\t\t\t\t\t\t<\/div>\n\t\t\t\t<\/div>\n\t\t\t\t\t<\/div>\n\t\t\t\t<\/div>\n\t\t<div class=\"elementor-element elementor-element-07698d1 e-flex e-con-boxed e-con e-parent\" data-id=\"07698d1\" data-element_type=\"container\" data-e-type=\"container\">\n\t\t\t\t\t<div class=\"e-con-inner\">\n\t\t\t\t<div class=\"elementor-element elementor-element-09a5f9f elementor-widget-divider--view-line elementor-widget elementor-widget-divider\" data-id=\"09a5f9f\" data-element_type=\"widget\" data-e-type=\"widget\" data-widget_type=\"divider.default\">\n\t\t\t\t\t\t\t<div class=\"elementor-divider\">\n\t\t\t<span class=\"elementor-divider-separator\">\n\t\t\t\t\t\t<\/span>\n\t\t<\/div>\n\t\t\t\t\t\t<\/div>\n\t\t\t\t\t<\/div>\n\t\t\t\t<\/div>\n\t\t<div class=\"elementor-element elementor-element-de09312 e-flex e-con-boxed e-con e-parent\" data-id=\"de09312\" data-element_type=\"container\" data-e-type=\"container\">\n\t\t\t\t\t<div class=\"e-con-inner\">\n\t\t<div class=\"elementor-element elementor-element-f6e6544 e-con-full e-flex e-con e-child\" data-id=\"f6e6544\" data-element_type=\"container\" data-e-type=\"container\">\n\t\t\t\t<div class=\"elementor-element elementor-element-563e262 elementor-widget elementor-widget-image\" data-id=\"563e262\" data-element_type=\"widget\" data-e-type=\"widget\" data-widget_type=\"image.default\">\n\t\t\t\t\t\t\t\t\t\t\t\t\t\t\t<img decoding=\"async\" width=\"120\" height=\"120\" src=\"https:\/\/maderaviva.cl\/wp-content\/uploads\/2025\/11\/Flecha-Down.jpg\" class=\"attachment-large size-large wp-image-76\" alt=\"\" \/>\t\t\t\t\t\t\t\t\t\t\t\t\t\t\t<\/div>\n\t\t\t\t<div class=\"elementor-element elementor-element-6529a10 elementor-widget elementor-widget-heading\" data-id=\"6529a10\" data-element_type=\"widget\" data-e-type=\"widget\" data-widget_type=\"heading.default\">\n\t\t\t\t\t<h2 class=\"elementor-heading-title elementor-size-default\">Felipe Dufeu <\/h2>\t\t\t\t<\/div>\n\t\t\t\t<div class=\"elementor-element elementor-element-6abbd91 elementor-widget elementor-widget-heading\" data-id=\"6abbd91\" data-element_type=\"widget\" data-e-type=\"widget\" data-widget_type=\"heading.default\">\n\t\t\t\t\t<h2 class=\"elementor-heading-title elementor-size-default\">Direcci\u00f3n de Desarrollo<\/h2>\t\t\t\t<\/div>\n\t\t\t\t<div class=\"elementor-element elementor-element-d4ef5b3 elementor-widget-divider--view-line elementor-widget elementor-widget-divider\" data-id=\"d4ef5b3\" data-element_type=\"widget\" data-e-type=\"widget\" data-widget_type=\"divider.default\">\n\t\t\t\t\t\t\t<div class=\"elementor-divider\">\n\t\t\t<span class=\"elementor-divider-separator\">\n\t\t\t\t\t\t<\/span>\n\t\t<\/div>\n\t\t\t\t\t\t<\/div>\n\t\t\t\t<div class=\"elementor-element elementor-element-3ed7ba0 elementor-widget elementor-widget-image\" data-id=\"3ed7ba0\" data-element_type=\"widget\" data-e-type=\"widget\" data-widget_type=\"image.default\">\n\t\t\t\t\t\t\t\t\t\t\t\t\t\t\t<img decoding=\"async\" width=\"80\" height=\"60\" src=\"https:\/\/maderaviva.cl\/wp-content\/uploads\/2025\/11\/comilla1.jpg\" class=\"attachment-full size-full wp-image-80\" alt=\"\" \/>\t\t\t\t\t\t\t\t\t\t\t\t\t\t\t<\/div>\n\t\t\t\t<div class=\"elementor-element elementor-element-5583a96 elementor-widget elementor-widget-text-editor\" data-id=\"5583a96\" data-element_type=\"widget\" data-e-type=\"widget\" data-widget_type=\"text-editor.default\">\n\t\t\t\t\t\t\t\t\t<p>Me aseguro de que cada proyecto sea s\u00f3lido, funcional y pensado para quienes lo habitar\u00e1n.<\/p>\t\t\t\t\t\t\t\t<\/div>\n\t\t\t\t<div class=\"elementor-element elementor-element-1c95588 elementor-widget elementor-widget-image\" data-id=\"1c95588\" data-element_type=\"widget\" data-e-type=\"widget\" data-widget_type=\"image.default\">\n\t\t\t\t\t\t\t\t\t\t\t\t\t\t\t<img loading=\"lazy\" decoding=\"async\" width=\"80\" height=\"60\" src=\"https:\/\/maderaviva.cl\/wp-content\/uploads\/2025\/11\/comilla2.jpg\" class=\"attachment-full size-full wp-image-81\" alt=\"\" \/>\t\t\t\t\t\t\t\t\t\t\t\t\t\t\t<\/div>\n\t\t\t\t<\/div>\n\t\t<div class=\"elementor-element elementor-element-045c585 e-con-full e-flex e-con e-child\" data-id=\"045c585\" data-element_type=\"container\" data-e-type=\"container\">\n\t\t\t\t<div class=\"elementor-element elementor-element-903fa8e elementor-widget elementor-widget-image\" data-id=\"903fa8e\" data-element_type=\"widget\" data-e-type=\"widget\" data-widget_type=\"image.default\">\n\t\t\t\t\t\t\t\t\t\t\t\t\t\t\t<img loading=\"lazy\" decoding=\"async\" width=\"584\" height=\"886\" src=\"https:\/\/maderaviva.cl\/wp-content\/uploads\/2025\/11\/Felipe-Dufeu.jpg\" class=\"attachment-full size-full wp-image-73\" alt=\"\" srcset=\"https:\/\/maderaviva.cl\/wp-content\/uploads\/2025\/11\/Felipe-Dufeu.jpg 584w, https:\/\/maderaviva.cl\/wp-content\/uploads\/2025\/11\/Felipe-Dufeu-198x300.jpg 198w\" sizes=\"(max-width: 584px) 100vw, 584px\" \/>\t\t\t\t\t\t\t\t\t\t\t\t\t\t\t<\/div>\n\t\t\t\t<\/div>\n\t\t<div class=\"elementor-element elementor-element-196bb15 e-con-full e-flex e-con e-child\" data-id=\"196bb15\" data-element_type=\"container\" data-e-type=\"container\">\n\t\t\t\t<div class=\"elementor-element elementor-element-195fd99 elementor-widget elementor-widget-text-editor\" data-id=\"195fd99\" data-element_type=\"widget\" data-e-type=\"widget\" data-widget_type=\"text-editor.default\">\n\t\t\t\t\t\t\t\t\t<p>Felipe lidera la planificaci\u00f3n y ejecuci\u00f3n de los proyectos inmobiliarios de Madera Viva. Con m\u00e1s de 25 a\u00f1os de experiencia en desarrollos residenciales en altura y extensi\u00f3n, ha gestionado un total de 325.000 m2 construidos y 2.500 unidades entregadas. Su conocimiento inhouse en arquitectura, desarrollo, supervisi\u00f3n y dominio normativo asegura que cada proyecto cumpla con los m\u00e1s altos est\u00e1ndares de calidad y eficiencia.<\/p>\t\t\t\t\t\t\t\t<\/div>\n\t\t\t\t<\/div>\n\t\t\t\t\t<\/div>\n\t\t\t\t<\/div>\n\t\t<div class=\"elementor-element elementor-element-4c6b833 e-flex e-con-boxed e-con e-parent\" data-id=\"4c6b833\" data-element_type=\"container\" data-e-type=\"container\">\n\t\t\t\t\t<div class=\"e-con-inner\">\n\t\t\t\t<div class=\"elementor-element elementor-element-8943fbc elementor-widget-divider--view-line elementor-widget elementor-widget-divider\" data-id=\"8943fbc\" data-element_type=\"widget\" data-e-type=\"widget\" data-widget_type=\"divider.default\">\n\t\t\t\t\t\t\t<div class=\"elementor-divider\">\n\t\t\t<span class=\"elementor-divider-separator\">\n\t\t\t\t\t\t<\/span>\n\t\t<\/div>\n\t\t\t\t\t\t<\/div>\n\t\t\t\t\t<\/div>\n\t\t\t\t<\/div>\n\t\t<div class=\"elementor-element elementor-element-7b80b2b e-flex e-con-boxed e-con e-parent\" data-id=\"7b80b2b\" data-element_type=\"container\" data-e-type=\"container\">\n\t\t\t\t\t<div class=\"e-con-inner\">\n\t\t<div class=\"elementor-element elementor-element-7464ea2 e-con-full e-flex e-con e-child\" data-id=\"7464ea2\" data-element_type=\"container\" data-e-type=\"container\">\n\t\t\t\t<div class=\"elementor-element elementor-element-a0cadb5 elementor-widget elementor-widget-image\" data-id=\"a0cadb5\" data-element_type=\"widget\" data-e-type=\"widget\" data-widget_type=\"image.default\">\n\t\t\t\t\t\t\t\t\t\t\t\t\t\t\t<img decoding=\"async\" width=\"120\" height=\"120\" src=\"https:\/\/maderaviva.cl\/wp-content\/uploads\/2025\/11\/Flecha-Down.jpg\" class=\"attachment-large size-large wp-image-76\" alt=\"\" \/>\t\t\t\t\t\t\t\t\t\t\t\t\t\t\t<\/div>\n\t\t\t\t<div class=\"elementor-element elementor-element-acb7c8f elementor-widget elementor-widget-heading\" data-id=\"acb7c8f\" data-element_type=\"widget\" data-e-type=\"widget\" data-widget_type=\"heading.default\">\n\t\t\t\t\t<h2 class=\"elementor-heading-title elementor-size-default\">Jose Miguel Letelier<\/h2>\t\t\t\t<\/div>\n\t\t\t\t<div class=\"elementor-element elementor-element-cdb7558 elementor-widget elementor-widget-heading\" data-id=\"cdb7558\" data-element_type=\"widget\" data-e-type=\"widget\" data-widget_type=\"heading.default\">\n\t\t\t\t\t<h2 class=\"elementor-heading-title elementor-size-default\">Direcci\u00f3n General<\/h2>\t\t\t\t<\/div>\n\t\t\t\t<div class=\"elementor-element elementor-element-291e649 elementor-widget-divider--view-line elementor-widget elementor-widget-divider\" data-id=\"291e649\" data-element_type=\"widget\" data-e-type=\"widget\" data-widget_type=\"divider.default\">\n\t\t\t\t\t\t\t<div class=\"elementor-divider\">\n\t\t\t<span class=\"elementor-divider-separator\">\n\t\t\t\t\t\t<\/span>\n\t\t<\/div>\n\t\t\t\t\t\t<\/div>\n\t\t\t\t<div class=\"elementor-element elementor-element-1696d5e elementor-widget elementor-widget-image\" data-id=\"1696d5e\" data-element_type=\"widget\" data-e-type=\"widget\" data-widget_type=\"image.default\">\n\t\t\t\t\t\t\t\t\t\t\t\t\t\t\t<img decoding=\"async\" width=\"80\" height=\"60\" src=\"https:\/\/maderaviva.cl\/wp-content\/uploads\/2025\/11\/comilla1.jpg\" class=\"attachment-full size-full wp-image-80\" alt=\"\" \/>\t\t\t\t\t\t\t\t\t\t\t\t\t\t\t<\/div>\n\t\t\t\t<div class=\"elementor-element elementor-element-71d5c69 elementor-widget elementor-widget-text-editor\" data-id=\"71d5c69\" data-element_type=\"widget\" data-e-type=\"widget\" data-widget_type=\"text-editor.default\">\n\t\t\t\t\t\t\t\t\t<p>Acompa\u00f1\u00f3 cada inversi\u00f3n para que mis clientes puedan confiar y sentirse tranquilos desde el primer d\u00eda.<\/p>\t\t\t\t\t\t\t\t<\/div>\n\t\t\t\t<div class=\"elementor-element elementor-element-881857d elementor-widget elementor-widget-image\" data-id=\"881857d\" data-element_type=\"widget\" data-e-type=\"widget\" data-widget_type=\"image.default\">\n\t\t\t\t\t\t\t\t\t\t\t\t\t\t\t<img loading=\"lazy\" decoding=\"async\" width=\"80\" height=\"60\" src=\"https:\/\/maderaviva.cl\/wp-content\/uploads\/2025\/11\/comilla2.jpg\" class=\"attachment-full size-full wp-image-81\" alt=\"\" \/>\t\t\t\t\t\t\t\t\t\t\t\t\t\t\t<\/div>\n\t\t\t\t<\/div>\n\t\t<div class=\"elementor-element elementor-element-018b99f e-con-full e-flex e-con e-child\" data-id=\"018b99f\" data-element_type=\"container\" data-e-type=\"container\">\n\t\t\t\t<div class=\"elementor-element elementor-element-2014c35 elementor-widget elementor-widget-image\" data-id=\"2014c35\" data-element_type=\"widget\" data-e-type=\"widget\" data-widget_type=\"image.default\">\n\t\t\t\t\t\t\t\t\t\t\t\t\t\t\t<img loading=\"lazy\" decoding=\"async\" width=\"584\" height=\"886\" src=\"https:\/\/maderaviva.cl\/wp-content\/uploads\/2025\/11\/Jose-Miguel-Letelier.jpg\" class=\"attachment-full size-full wp-image-74\" alt=\"\" srcset=\"https:\/\/maderaviva.cl\/wp-content\/uploads\/2025\/11\/Jose-Miguel-Letelier.jpg 584w, https:\/\/maderaviva.cl\/wp-content\/uploads\/2025\/11\/Jose-Miguel-Letelier-198x300.jpg 198w\" sizes=\"(max-width: 584px) 100vw, 584px\" \/>\t\t\t\t\t\t\t\t\t\t\t\t\t\t\t<\/div>\n\t\t\t\t<\/div>\n\t\t<div class=\"elementor-element elementor-element-438036c e-con-full e-flex e-con e-child\" data-id=\"438036c\" data-element_type=\"container\" data-e-type=\"container\">\n\t\t\t\t<div class=\"elementor-element elementor-element-1501e4e elementor-widget elementor-widget-text-editor\" data-id=\"1501e4e\" data-element_type=\"widget\" data-e-type=\"widget\" data-widget_type=\"text-editor.default\">\n\t\t\t\t\t\t\t\t\t<p>Jos\u00e9 Miguel encabeza la b\u00fasqueda de nuevos terrenos y oportunidades de inversi\u00f3n, combinando creatividad, gesti\u00f3n general integral y visi\u00f3n estrat\u00e9gica. Su enfoque experiencia le permite generar proyectos innovadores, con un objetivo claro, con plusval\u00eda real y segura, aportando valor tangible a cada etapa del desarrollo inmobiliario. Su experiencia naci\u00f3 en la fabricaci\u00f3n y comercializaci\u00f3n de muebles, derivando en la estructuraci\u00f3n, desarrollo y construcci\u00f3n de proyectos habitacionales. Ha administrado directamente m\u00e1s de 50 proyectos residenciales de peque\u00f1a y mediana escala, con inversiones gestionadas por m\u00e1s de 2.5 Millones de UF en ventas desde el a\u00f1o 2007.<\/p>\t\t\t\t\t\t\t\t<\/div>\n\t\t\t\t<\/div>\n\t\t\t\t\t<\/div>\n\t\t\t\t<\/div>\n\t\t<div class=\"elementor-element elementor-element-6ef478a e-flex e-con-boxed e-con e-parent\" data-id=\"6ef478a\" data-element_type=\"container\" data-e-type=\"container\">\n\t\t\t\t\t<div class=\"e-con-inner\">\n\t\t\t\t<div class=\"elementor-element elementor-element-3e1ea31 elementor-widget-divider--view-line elementor-widget elementor-widget-divider\" data-id=\"3e1ea31\" data-element_type=\"widget\" data-e-type=\"widget\" data-widget_type=\"divider.default\">\n\t\t\t\t\t\t\t<div class=\"elementor-divider\">\n\t\t\t<span class=\"elementor-divider-separator\">\n\t\t\t\t\t\t<\/span>\n\t\t<\/div>\n\t\t\t\t\t\t<\/div>\n\t\t\t\t\t<\/div>\n\t\t\t\t<\/div>\n\t\t\t\t<\/div>\n\t\t","protected":false},"excerpt":{"rendered":"<p>NUESTRA VISI\u00d3N Lo que nos impulsa cada d\u00eda En Madera Viva transformamos terrenos en proyectos rentables con identidad, funcionalidad y respeto por el entorno. Combinamos la experiencia de una gran inmobiliaria con la flexibilidad de una boutique, gestionando cada etapa \u2014desde la inversi\u00f3n hasta la entrega al propietario\u2014 con un equipo experto y comprometido, que [&hellip;]<\/p>\n","protected":false},"author":1,"featured_media":39,"parent":0,"menu_order":0,"comment_status":"closed","ping_status":"closed","template":"elementor_header_footer","meta":{"footnotes":""},"class_list":["post-54","page","type-page","status-publish","has-post-thumbnail","hentry"],"_links":{"self":[{"href":"https:\/\/maderaviva.cl\/index.php\/wp-json\/wp\/v2\/pages\/54","targetHints":{"allow":["GET"]}}],"collection":[{"href":"https:\/\/maderaviva.cl\/index.php\/wp-json\/wp\/v2\/pages"}],"about":[{"href":"https:\/\/maderaviva.cl\/index.php\/wp-json\/wp\/v2\/types\/page"}],"author":[{"embeddable":true,"href":"https:\/\/maderaviva.cl\/index.php\/wp-json\/wp\/v2\/users\/1"}],"replies":[{"embeddable":true,"href":"https:\/\/maderaviva.cl\/index.php\/wp-json\/wp\/v2\/comments?post=54"}],"version-history":[{"count":28,"href":"https:\/\/maderaviva.cl\/index.php\/wp-json\/wp\/v2\/pages\/54\/revisions"}],"predecessor-version":[{"id":157,"href":"https:\/\/maderaviva.cl\/index.php\/wp-json\/wp\/v2\/pages\/54\/revisions\/157"}],"wp:featuredmedia":[{"embeddable":true,"href":"https:\/\/maderaviva.cl\/index.php\/wp-json\/wp\/v2\/media\/39"}],"wp:attachment":[{"href":"https:\/\/maderaviva.cl\/index.php\/wp-json\/wp\/v2\/media?parent=54"}],"curies":[{"name":"wp","href":"https:\/\/api.w.org\/{rel}","templated":true}]}}